{"id":157,"date":"2019-03-01T16:27:49","date_gmt":"2019-03-01T16:27:49","guid":{"rendered":"http:\/\/ottosen.de\/?page_id=157"},"modified":"2023-12-10T11:41:05","modified_gmt":"2023-12-10T11:41:05","slug":"willkommen","status":"publish","type":"page","link":"https:\/\/ottosen.de\/","title":{"rendered":"Willkommen bei uns in der Schmuckwerkstatt  &#8211;"},"content":{"rendered":"\n<p>unserer Goldschmiedewerkstatt in der Oberen Bachgasse 11 in Regensburg!<\/p>\n\n\n\n<p>Seit \u00fcber 32 Jahren arbeiten wir hier. Unser Erfahrungsschatz ist reich, unsere Herstellungstechniken sind vielf\u00e4ltig. Wir fertigen Ringe, Ketten und Anh\u00e4nger, Colliers, Broschen, Ohrschmuck und Manschettenkn\u00f6pfe in unserer pers\u00f6nlichen Formensprache, au\u00dferdem Verlobungsringe und Trauringe. Als Service bieten wir Ihnen individuelle Anfertigungen und Umarbeitungen.  <\/p>\n\n\n\n<figure class=\"wp-block-image size-large\"><img loading=\"lazy\" decoding=\"async\" width=\"800\" height=\"600\" src=\"https:\/\/ottosen.de\/wp-content\/uploads\/2020\/11\/P1050299-800x600.jpg\" alt=\"\" class=\"wp-image-539\" srcset=\"https:\/\/ottosen.de\/wp-content\/uploads\/2020\/11\/P1050299-800x600.jpg 800w, https:\/\/ottosen.de\/wp-content\/uploads\/2020\/11\/P1050299-300x225.jpg 300w, https:\/\/ottosen.de\/wp-content\/uploads\/2020\/11\/P1050299-768x576.jpg 768w, https:\/\/ottosen.de\/wp-content\/uploads\/2020\/11\/P1050299-1536x1152.jpg 1536w, https:\/\/ottosen.de\/wp-content\/uploads\/2020\/11\/P1050299-2048x1536.jpg 2048w\" sizes=\"auto, (max-width: 800px) 100vw, 800px\" \/><\/figure>\n","protected":false},"excerpt":{"rendered":"<p>unserer Goldschmiedewerkstatt in der Oberen Bachgasse 11 in Regensburg! Seit \u00fcber 32 Jahren arbeiten wir hier. Unser Erfahrungsschatz ist reich, unsere Herstellungstechniken sind vielf\u00e4ltig. Wir fertigen Ringe, Ketten und Anh\u00e4nger, Colliers, Broschen, Ohrschmuck und Manschettenkn\u00f6pfe in unserer pers\u00f6nlichen Formensprache, au\u00dferdem Verlobungsringe und Trauringe. Als Service bieten wir Ihnen individuelle Anfertigungen und Umarbeitungen.<\/p>\n","protected":false},"author":1,"featured_media":365,"parent":0,"menu_order":0,"comment_status":"closed","ping_status":"closed","template":"","meta":{"neve_meta_sidebar":"","neve_meta_container":"","neve_meta_enable_content_width":"","neve_meta_content_width":0,"neve_meta_title_alignment":"","neve_meta_author_avatar":"","neve_post_elements_order":"","neve_meta_disable_header":"","neve_meta_disable_footer":"","neve_meta_disable_title":"","footnotes":""},"class_list":["post-157","page","type-page","status-publish","has-post-thumbnail","hentry"],"_links":{"self":[{"href":"https:\/\/ottosen.de\/index.php?rest_route=\/wp\/v2\/pages\/157","targetHints":{"allow":["GET"]}}],"collection":[{"href":"https:\/\/ottosen.de\/index.php?rest_route=\/wp\/v2\/pages"}],"about":[{"href":"https:\/\/ottosen.de\/index.php?rest_route=\/wp\/v2\/types\/page"}],"author":[{"embeddable":true,"href":"https:\/\/ottosen.de\/index.php?rest_route=\/wp\/v2\/users\/1"}],"replies":[{"embeddable":true,"href":"https:\/\/ottosen.de\/index.php?rest_route=%2Fwp%2Fv2%2Fcomments&post=157"}],"version-history":[{"count":22,"href":"https:\/\/ottosen.de\/index.php?rest_route=\/wp\/v2\/pages\/157\/revisions"}],"predecessor-version":[{"id":769,"href":"https:\/\/ottosen.de\/index.php?rest_route=\/wp\/v2\/pages\/157\/revisions\/769"}],"wp:featuredmedia":[{"embeddable":true,"href":"https:\/\/ottosen.de\/index.php?rest_route=\/wp\/v2\/media\/365"}],"wp:attachment":[{"href":"https:\/\/ottosen.de\/index.php?rest_route=%2Fwp%2Fv2%2Fmedia&parent=157"}],"curies":[{"name":"wp","href":"https:\/\/api.w.org\/{rel}","templated":true}]}}