{"id":173,"date":"2019-03-01T16:37:29","date_gmt":"2019-03-01T16:37:29","guid":{"rendered":"http:\/\/ottosen.de\/?page_id=173"},"modified":"2023-05-14T15:23:50","modified_gmt":"2023-05-14T15:23:50","slug":"ueber-uns","status":"publish","type":"page","link":"https:\/\/ottosen.de\/?page_id=173","title":{"rendered":"\u00dcber uns"},"content":{"rendered":"\n<p>Nach Lehr- und Arbeitsjahren in Aarhus, Ulm und Nord-Norwegen, sind wir uns beim Design &#8211; Studium am &#8222;Institut for Aedelmetal&#8220; in Kopenhagen begegnet. Mit dem Motorrad haben wir S\u00fcddeutschland bereist und Regensburg und die Obere Bachgasse entdeckt. Seit \u00fcber 25 Jahren arbeiten wir jetzt hier mit Silber, Gold, Platin, Edelsteinen, mit Hand, Geist, Herz, und meistens auch mit Freude! Durch jahrelange Auseinandersetzung mit verschiedenen Arbeitstechniken, verf\u00fcgen wir \u00fcber ein breites Spektrum an Wissen und K\u00f6nnen.<\/p>\n\n\n\n<figure class=\"wp-block-image size-large\"><img loading=\"lazy\" decoding=\"async\" width=\"110\" height=\"110\" src=\"http:\/\/ottosen.de\/wp-content\/uploads\/2019\/03\/DSCN4147web110.jpg\" alt=\"\" class=\"wp-image-276\"\/><figcaption class=\"wp-element-caption\">Hildegund Ottosen<\/figcaption><\/figure>\n\n\n\n<p>Hildegund Ottosen<\/p>\n\n\n\n<ul class=\"wp-block-list\">\n<li>   1983 &#8211; 1986      Goldschmiedelehre bei R.Dentler, Ulm<\/li>\n\n\n\n<li>   1986 &#8211; 1989       Juhls silvergallery , Kautokeino, Norwegen<\/li>\n\n\n\n<li>   1989 &#8211; 1991      Goldschmiedehochschule Kopenhagen, DK<\/li>\n\n\n\n<li>    1991 Abschlu\u00df als Staatl. Gepr\u00fcfter Guld og S\u00f8lvformgiver m.g.h. DK   <\/li>\n\n\n\n<li>   1991 bis heute  Mitglied im Berufsverband Bildender K\u00fcnstler <\/li>\n\n\n\n<li>   1991 bis heute  Werkstatt- und Familiengr\u00fcndung mit  H.P. Ottosen in  Regensburg                      <\/li>\n<\/ul>\n\n\n\n<figure class=\"wp-block-image\"><img loading=\"lazy\" decoding=\"async\" width=\"110\" height=\"110\" src=\"http:\/\/ottosen.de\/wp-content\/uploads\/2019\/03\/DSCN4156web110.jpg\" alt=\"\" class=\"wp-image-277\"\/><figcaption class=\"wp-element-caption\">Hans Peter Ottosen<\/figcaption><\/figure>\n\n\n\n<p> Hans Peter Ottosen                        <\/p>\n\n\n\n<ul class=\"wp-block-list\">\n<li> 1980- 1984  Lehrzeit bei Goldschmied Johan Torp. \u00c5rhus  <\/li>\n\n\n\n<li> 1984- 1989  Gesellenjahre  <\/li>\n\n\n\n<li> 1989- 1991  Goldschmiedehochschule Kopenhagen\/ Institut f\u00fcr Edelmetall <\/li>\n\n\n\n<li> Abschlu\u00df als Staatl. Gepr\u00fcfter Guld og S\u00f8lvformgiver m.g.h. DK  <\/li>\n\n\n\n<li> 1991 bis heute  Werkstatt- und Familiengr\u00fcndung mit Hildegund Ottosen in Regensburg <\/li>\n<\/ul>\n","protected":false},"excerpt":{"rendered":"<p>Nach Lehr- und Arbeitsjahren in Aarhus, Ulm und Nord-Norwegen, sind wir uns beim Design &#8211; Studium am &#8222;Institut for Aedelmetal&#8220; in Kopenhagen begegnet. Mit dem Motorrad haben wir S\u00fcddeutschland bereist und Regensburg und die Obere Bachgasse entdeckt. Seit \u00fcber 25 Jahren arbeiten wir jetzt hier mit Silber, Gold, Platin, Edelsteinen, mit Hand, Geist, Herz, und&hellip;&nbsp;<a href=\"https:\/\/ottosen.de\/?page_id=173\" rel=\"bookmark\">Weiterlesen &raquo;<span class=\"screen-reader-text\">\u00dcber uns<\/span><\/a><\/p>\n","protected":false},"author":1,"featured_media":192,"parent":0,"menu_order":0,"comment_status":"closed","ping_status":"closed","template":"","meta":{"neve_meta_sidebar":"","neve_meta_container":"","neve_meta_enable_content_width":"","neve_meta_content_width":0,"neve_meta_title_alignment":"","neve_meta_author_avatar":"","neve_post_elements_order":"","neve_meta_disable_header":"","neve_meta_disable_footer":"","neve_meta_disable_title":"","footnotes":""},"class_list":["post-173","page","type-page","status-publish","has-post-thumbnail","hentry"],"_links":{"self":[{"href":"https:\/\/ottosen.de\/index.php?rest_route=\/wp\/v2\/pages\/173","targetHints":{"allow":["GET"]}}],"collection":[{"href":"https:\/\/ottosen.de\/index.php?rest_route=\/wp\/v2\/pages"}],"about":[{"href":"https:\/\/ottosen.de\/index.php?rest_route=\/wp\/v2\/types\/page"}],"author":[{"embeddable":true,"href":"https:\/\/ottosen.de\/index.php?rest_route=\/wp\/v2\/users\/1"}],"replies":[{"embeddable":true,"href":"https:\/\/ottosen.de\/index.php?rest_route=%2Fwp%2Fv2%2Fcomments&post=173"}],"version-history":[{"count":29,"href":"https:\/\/ottosen.de\/index.php?rest_route=\/wp\/v2\/pages\/173\/revisions"}],"predecessor-version":[{"id":740,"href":"https:\/\/ottosen.de\/index.php?rest_route=\/wp\/v2\/pages\/173\/revisions\/740"}],"wp:featuredmedia":[{"embeddable":true,"href":"https:\/\/ottosen.de\/index.php?rest_route=\/wp\/v2\/media\/192"}],"wp:attachment":[{"href":"https:\/\/ottosen.de\/index.php?rest_route=%2Fwp%2Fv2%2Fmedia&parent=173"}],"curies":[{"name":"wp","href":"https:\/\/api.w.org\/{rel}","templated":true}]}}