{"id":176,"date":"2019-03-01T16:38:14","date_gmt":"2019-03-01T16:38:14","guid":{"rendered":"http:\/\/ottosen.de\/?page_id=176"},"modified":"2024-11-29T21:11:45","modified_gmt":"2024-11-29T21:11:45","slug":"so-finden-sie-uns","status":"publish","type":"page","link":"https:\/\/ottosen.de\/?page_id=176","title":{"rendered":"So finden Sie uns"},"content":{"rendered":"\n<p>Haben Sie W\u00fcnsche die wir f\u00fcr Sie ausf\u00fchren d\u00fcrfen? Melden Sie sich (bitte per E-mail) mit Ihren Skizzen oder Vorstellungen, oder vereinbaren Sie telefonisch einen Termin mit uns!<\/p>\n\n\n\n<p class=\"has-text-align-left\">D\u00e4nische Schmuckwerkstatt<\/p>\n\n\n\n<p class=\"has-text-align-left\">Obere Bachgasse 11<\/p>\n\n\n\n<p class=\"has-text-align-left\">93047 Regensburg<\/p>\n\n\n\n<p class=\"has-text-align-left\">Telefon +49 (0)941 565423<\/p>\n\n\n\n<p><\/p>\n\n\n\n<h5 class=\"wp-block-heading\"><a href=\"https:\/\/goo.gl\/maps\/d3rM8weFuCEoUivG7\">D\u00e4nische Schmuckwerkstatt mit Google Maps finden !<\/a><\/h5>\n\n\n\n<p><\/p>\n\n\n\n<a href=\"mailto:ottosen@daenische-schmuckwerkstatt.de\">ottosen@daenische-schmuckwerkstatt.de<\/a>\n\n\n\n<p><\/p>\n","protected":false},"excerpt":{"rendered":"<p>Haben Sie W\u00fcnsche die wir f\u00fcr Sie ausf\u00fchren d\u00fcrfen? Melden Sie sich (bitte per E-mail) mit Ihren Skizzen oder Vorstellungen, oder vereinbaren Sie telefonisch einen Termin mit uns! D\u00e4nische Schmuckwerkstatt Obere Bachgasse 11 93047 Regensburg Telefon +49 (0)941 565423 D\u00e4nische Schmuckwerkstatt mit Google Maps finden ! ottosen@daenische-schmuckwerkstatt.de<\/p>\n","protected":false},"author":1,"featured_media":313,"parent":0,"menu_order":0,"comment_status":"closed","ping_status":"closed","template":"","meta":{"neve_meta_sidebar":"","neve_meta_container":"","neve_meta_enable_content_width":"","neve_meta_content_width":0,"neve_meta_title_alignment":"","neve_meta_author_avatar":"","neve_post_elements_order":"","neve_meta_disable_header":"","neve_meta_disable_footer":"","neve_meta_disable_title":"","footnotes":""},"class_list":["post-176","page","type-page","status-publish","has-post-thumbnail","hentry"],"_links":{"self":[{"href":"https:\/\/ottosen.de\/index.php?rest_route=\/wp\/v2\/pages\/176","targetHints":{"allow":["GET"]}}],"collection":[{"href":"https:\/\/ottosen.de\/index.php?rest_route=\/wp\/v2\/pages"}],"about":[{"href":"https:\/\/ottosen.de\/index.php?rest_route=\/wp\/v2\/types\/page"}],"author":[{"embeddable":true,"href":"https:\/\/ottosen.de\/index.php?rest_route=\/wp\/v2\/users\/1"}],"replies":[{"embeddable":true,"href":"https:\/\/ottosen.de\/index.php?rest_route=%2Fwp%2Fv2%2Fcomments&post=176"}],"version-history":[{"count":54,"href":"https:\/\/ottosen.de\/index.php?rest_route=\/wp\/v2\/pages\/176\/revisions"}],"predecessor-version":[{"id":855,"href":"https:\/\/ottosen.de\/index.php?rest_route=\/wp\/v2\/pages\/176\/revisions\/855"}],"wp:featuredmedia":[{"embeddable":true,"href":"https:\/\/ottosen.de\/index.php?rest_route=\/wp\/v2\/media\/313"}],"wp:attachment":[{"href":"https:\/\/ottosen.de\/index.php?rest_route=%2Fwp%2Fv2%2Fmedia&parent=176"}],"curies":[{"name":"wp","href":"https:\/\/api.w.org\/{rel}","templated":true}]}}