{"id":337,"date":"2019-03-04T13:55:28","date_gmt":"2019-03-04T13:55:28","guid":{"rendered":"http:\/\/ottosen.de\/?page_id=337"},"modified":"2024-12-31T12:03:56","modified_gmt":"2024-12-31T12:03:56","slug":"trauringe","status":"publish","type":"page","link":"https:\/\/ottosen.de\/?page_id=337","title":{"rendered":"Trauringe"},"content":{"rendered":"<div class=\"wp-block-image\">\n<figure class=\"aligncenter\"><img loading=\"lazy\" decoding=\"async\" width=\"600\" height=\"449\" src=\"http:\/\/ottosen.de\/wp-content\/uploads\/2019\/03\/P1050674.jpg\" alt=\"Trauringe in Platin 600 mit 750 Gelbgold.\" class=\"wp-image-388\" srcset=\"https:\/\/ottosen.de\/wp-content\/uploads\/2019\/03\/P1050674.jpg 600w, https:\/\/ottosen.de\/wp-content\/uploads\/2019\/03\/P1050674-300x225.jpg 300w\" sizes=\"auto, (max-width: 600px) 100vw, 600px\" \/><figcaption class=\"wp-element-caption\">Trauringe in Platin 600 mit 750 Gelbgold<\/figcaption><\/figure><\/div>\n\n<div class=\"wp-block-image\">\n<figure class=\"aligncenter\"><img loading=\"lazy\" decoding=\"async\" width=\"600\" height=\"448\" src=\"http:\/\/ottosen.de\/wp-content\/uploads\/2019\/03\/P1050400.jpg\" alt=\"Trauringe in 750 Gelbgold mit rustikaler Silber. \" class=\"wp-image-386\" srcset=\"https:\/\/ottosen.de\/wp-content\/uploads\/2019\/03\/P1050400.jpg 600w, https:\/\/ottosen.de\/wp-content\/uploads\/2019\/03\/P1050400-300x224.jpg 300w\" sizes=\"auto, (max-width: 600px) 100vw, 600px\" \/><figcaption class=\"wp-element-caption\">Trauringe in 750 Gelbgold mit rustikaler Silber &#8211; F\u00fcllung<\/figcaption><\/figure><\/div>\n\n<div class=\"wp-block-image\">\n<figure class=\"aligncenter\"><img loading=\"lazy\" decoding=\"async\" width=\"600\" height=\"450\" src=\"http:\/\/ottosen.de\/wp-content\/uploads\/2019\/03\/P1050677.jpg\" alt=\"Trauringe in 750 Gelbgold, Oberfl\u00e4che geeist. \" class=\"wp-image-389\" srcset=\"https:\/\/ottosen.de\/wp-content\/uploads\/2019\/03\/P1050677.jpg 600w, https:\/\/ottosen.de\/wp-content\/uploads\/2019\/03\/P1050677-300x225.jpg 300w\" sizes=\"auto, (max-width: 600px) 100vw, 600px\" \/><figcaption class=\"wp-element-caption\">Trauringe in 750 Gelbgold, Oberfl\u00e4che geeist <\/figcaption><\/figure><\/div>\n\n<div class=\"wp-block-image\">\n<figure class=\"aligncenter\"><img loading=\"lazy\" decoding=\"async\" width=\"600\" height=\"450\" src=\"http:\/\/ottosen.de\/wp-content\/uploads\/2019\/03\/P1050427.jpg\" alt=\"Trauringe in 600 Platin mit Hammerschlag und Dekor.\" class=\"wp-image-387\" srcset=\"https:\/\/ottosen.de\/wp-content\/uploads\/2019\/03\/P1050427.jpg 600w, https:\/\/ottosen.de\/wp-content\/uploads\/2019\/03\/P1050427-300x225.jpg 300w\" sizes=\"auto, (max-width: 600px) 100vw, 600px\" \/><figcaption class=\"wp-element-caption\">Trauringe in 600 Platin mit Hammerschlag und Initialen &#8222;MD&#8220;<\/figcaption><\/figure><\/div>\n\n\n<p>Unsere <strong>Trauringe<\/strong> entstehen in engem Kontakt mit Ihnen. Besprechungsgrundlage sind unsere Modelle vor Ort. Gerne gehen wir auch auf Photos, Zeichnungen, Anregungen Ihrerseits ein, k\u00f6nnen zur Veranschaulichung auch &#8222;Fundst\u00fccke&#8220; vom Werkbrett hinzuziehen. Direkt am Produktionsort Ihrer Ringe k\u00f6nnen Sie Einflu\u00df nehmen auf Material z. Bsp. Platin, Palladium, verschiedene Gelb- , Rot-, Ros\u00e9-, Wei\u00dfgoldlegierungen und Silber, auf Oberfl\u00e4chengestaltung, Breite, Ringst\u00e4rke und evt. Brillantbesatz. <\/p>\n\n\n\n<p>Unsere <strong>Edelmetalle <\/strong>beziehen wir von Lieferanten, die nachweisbar Mitglieder des RJC sind. Der <a href=\"https:\/\/www.responsiblejewellery.com\/\" target=\"_blank\" rel=\"noreferrer noopener\" title=\"https:\/\/www.responsiblejewellery.com\/\">responsible jewellery council<\/a> setzt strenge Richtlinien die zur F\u00f6rderung von ethischen, sozialen und umweltfreundlichen Verfahrenstechniken, unter Ber\u00fccksichtigung der Menschenrechte verpflichten. Eine gro\u00dfe Rolle spielt auch die R\u00fcckgewinnung von Edelmetallen aus Sekund\u00e4rrohstoffen ( Altgold, Produktionsreste, etc.) Durch die Nutzung von Metall, das sich bereits im Umlauf befindet, wird im Sinne der Nachhaltigkeit darauf verzichtet, neue Rohstoffe zu verbrauchen. <strong>Edelsteine<\/strong> und <strong>Perlen <\/strong>w\u00e4hlen wir einzeln mit gro\u00dfer Sorgfalt nur bei langj\u00e4hrigen H\u00e4ndlern unseres Vertrauens.<\/p>\n\n\n\n<p>Unsere langj\u00e4hrige Erfahrung erm\u00f6glicht uns, eine Form passend zu Ihrer Hand zu finden. Weil wir in eigener Werkstatt \u00fcber verschiedenste Herstellungstechniken verf\u00fcgen, haben wir auch die M\u00f6glichkeit, mitgebrachtes Gold in Ihre Ringe einzuarbeiten. Wir geben Ihnen eine ehrliche Beratung. Vor Ihrer Zusage erhalten Sie einen genauen Kostenvoranschlag. Trauen Sie sich!<\/p>\n\n\n\n<p><\/p>\n","protected":false},"excerpt":{"rendered":"<p>Unsere Trauringe entstehen in engem Kontakt mit Ihnen. Besprechungsgrundlage sind unsere Modelle vor Ort. Gerne gehen wir auch auf Photos, Zeichnungen, Anregungen Ihrerseits ein, k\u00f6nnen zur Veranschaulichung auch &#8222;Fundst\u00fccke&#8220; vom Werkbrett hinzuziehen. Direkt am Produktionsort Ihrer Ringe k\u00f6nnen Sie Einflu\u00df nehmen auf Material z. Bsp. Platin, Palladium, verschiedene Gelb- , Rot-, Ros\u00e9-, Wei\u00dfgoldlegierungen und Silber,&hellip;&nbsp;<a href=\"https:\/\/ottosen.de\/?page_id=337\" rel=\"bookmark\">Weiterlesen &raquo;<span class=\"screen-reader-text\">Trauringe<\/span><\/a><\/p>\n","protected":false},"author":1,"featured_media":361,"parent":168,"menu_order":0,"comment_status":"closed","ping_status":"closed","template":"","meta":{"neve_meta_sidebar":"","neve_meta_container":"","neve_meta_enable_content_width":"","neve_meta_content_width":0,"neve_meta_title_alignment":"","neve_meta_author_avatar":"","neve_post_elements_order":"","neve_meta_disable_header":"","neve_meta_disable_footer":"","neve_meta_disable_title":"","footnotes":""},"class_list":["post-337","page","type-page","status-publish","has-post-thumbnail","hentry"],"_links":{"self":[{"href":"https:\/\/ottosen.de\/index.php?rest_route=\/wp\/v2\/pages\/337","targetHints":{"allow":["GET"]}}],"collection":[{"href":"https:\/\/ottosen.de\/index.php?rest_route=\/wp\/v2\/pages"}],"about":[{"href":"https:\/\/ottosen.de\/index.php?rest_route=\/wp\/v2\/types\/page"}],"author":[{"embeddable":true,"href":"https:\/\/ottosen.de\/index.php?rest_route=\/wp\/v2\/users\/1"}],"replies":[{"embeddable":true,"href":"https:\/\/ottosen.de\/index.php?rest_route=%2Fwp%2Fv2%2Fcomments&post=337"}],"version-history":[{"count":17,"href":"https:\/\/ottosen.de\/index.php?rest_route=\/wp\/v2\/pages\/337\/revisions"}],"predecessor-version":[{"id":909,"href":"https:\/\/ottosen.de\/index.php?rest_route=\/wp\/v2\/pages\/337\/revisions\/909"}],"up":[{"embeddable":true,"href":"https:\/\/ottosen.de\/index.php?rest_route=\/wp\/v2\/pages\/168"}],"wp:featuredmedia":[{"embeddable":true,"href":"https:\/\/ottosen.de\/index.php?rest_route=\/wp\/v2\/media\/361"}],"wp:attachment":[{"href":"https:\/\/ottosen.de\/index.php?rest_route=%2Fwp%2Fv2%2Fmedia&parent=337"}],"curies":[{"name":"wp","href":"https:\/\/api.w.org\/{rel}","templated":true}]}}